{"id":95,"date":"2013-02-19T16:42:22","date_gmt":"2013-02-19T15:42:22","guid":{"rendered":"http:\/\/nantoka.de\/?page_id=95"},"modified":"2023-02-27T19:33:31","modified_gmt":"2023-02-27T18:33:31","slug":"uber-mich","status":"publish","type":"page","link":"http:\/\/nantoka.de\/?page_id=95","title":{"rendered":"\u00dcber mich"},"content":{"rendered":"<p><a href=\"http:\/\/nantoka.de\/wp-content\/uploads\/2013\/02\/D24732a-@.jpg\"><img decoding=\"async\" loading=\"lazy\" class=\"size-medium wp-image-98 aligncenter\" src=\"http:\/\/nantoka.de\/wp-content\/uploads\/2013\/02\/D24732a-@-207x300.jpg\" alt=\"Dr. J\u00f6rg Richter, Nantoka UG (haftungsbeschr\u00e4nkt)\" width=\"207\" height=\"300\" srcset=\"http:\/\/nantoka.de\/wp-content\/uploads\/2013\/02\/D24732a-@-207x300.jpg 207w, http:\/\/nantoka.de\/wp-content\/uploads\/2013\/02\/D24732a-@.jpg 255w\" sizes=\"(max-width: 207px) 100vw, 207px\" \/><\/a><\/p>\n<p>Mein Name ist Dr. J\u00f6rg Richter, ich bin promovierter Informatiker und Diplom-Mathematiker.<\/p>\n<p>Mein Interesse an Computern im allgemeinen und an Software im besonderen begann bei mir schon sehr fr\u00fch als Sch\u00fcler. Auf dem Gymnasium geh\u00f6rte ich zu den ersten Jahrg\u00e4ngen, die in Deutschland regul\u00e4ren Informatik-Unterricht erhielten, zu einer Zeit, als IBM den PC noch nicht erfunden hatte und &#8222;ernstzunehmende&#8220; Datenverarbeitung auf Mainframes stattfand.<\/p>\n<p>Danach folgte das Studium der Mathematik und Informatik an der Universit\u00e4t Dortmund sowie die Promotion in Informatik an der Universit\u00e4t des Saarlandes.<\/p>\n<p>Anschlie\u00dfend arbeitete ich nicht ganz zwei Jahrzehnte bei einer international t\u00e4tigen Firma f\u00fcr Telekommunikationssysteme, die anfangs Telenorma und zum Schluss Avaya hie\u00df. Bedingt durch den st\u00e4ndigen Wandel, dem diese Branche im allgemeinen und die Firma durch ihre mehrfachen Verk\u00e4ufe im besonderen unterworfen war, hatte ich dort sehr verschiedene Positionen als Software-Entwickler, Software-Architekt, Innovationsmanager und Produktmanager inne.<\/p>\n<p>Das breite Wissen, dass ich in diesen Bereichen erworben habe, m\u00f6chte ich jetzt im Rahmen meiner T\u00e4tigkeit als Gesch\u00e4ftsf\u00fchrer und alleiniger Gesellschafter der Nantoka UG (haftungsbeschr\u00e4nkt) anderen Firmen zur Verf\u00fcgung stellen. Das bedeutet insbesondere, dass ich neben meinem Hauptinteresse an Software-Architektur und Anwendungsprogrammierung im mobilen Umfeld bei Bedarf auch in der Lage bin, wichtige Projekt-Voraussetzungen wie beispielsweise das Pflichtenheft oder den Business-Case selbst\u00e4ndig zu erstellen.<\/p>\n<p>Ich spreche Deutsch und Englisch flie\u00dfend und kann mich dar\u00fcber hinaus auf Franz\u00f6sisch und Japanisch problemlos verst\u00e4ndigen. Die Koordination von internationalen virtuellen Teams, die geografisch auf mehreren Kontinenten verteilt sind, ist mir vertraut.<\/p>\n<p>Bei Interesse freue ich mich \u00fcber Ihre Kontaktaufnahme.<\/p>\n","protected":false},"excerpt":{"rendered":"<p>Mein Name ist Dr. J\u00f6rg Richter, ich bin promovierter Informatiker und Diplom-Mathematiker. Mein Interesse an Computern im allgemeinen und an Software im besonderen begann bei mir schon sehr fr\u00fch als Sch\u00fcler. Auf dem Gymnasium geh\u00f6rte ich zu den ersten Jahrg\u00e4ngen, die in Deutschland regul\u00e4ren Informatik-Unterricht erhielten, zu einer Zeit, als IBM den PC noch nicht [&hellip;]<\/p>\n","protected":false},"author":1,"featured_media":0,"parent":0,"menu_order":3,"comment_status":"closed","ping_status":"closed","template":"","meta":[],"_links":{"self":[{"href":"http:\/\/nantoka.de\/index.php?rest_route=\/wp\/v2\/pages\/95"}],"collection":[{"href":"http:\/\/nantoka.de\/index.php?rest_route=\/wp\/v2\/pages"}],"about":[{"href":"http:\/\/nantoka.de\/index.php?rest_route=\/wp\/v2\/types\/page"}],"author":[{"embeddable":true,"href":"http:\/\/nantoka.de\/index.php?rest_route=\/wp\/v2\/users\/1"}],"replies":[{"embeddable":true,"href":"http:\/\/nantoka.de\/index.php?rest_route=%2Fwp%2Fv2%2Fcomments&post=95"}],"version-history":[{"count":8,"href":"http:\/\/nantoka.de\/index.php?rest_route=\/wp\/v2\/pages\/95\/revisions"}],"predecessor-version":[{"id":199,"href":"http:\/\/nantoka.de\/index.php?rest_route=\/wp\/v2\/pages\/95\/revisions\/199"}],"wp:attachment":[{"href":"http:\/\/nantoka.de\/index.php?rest_route=%2Fwp%2Fv2%2Fmedia&parent=95"}],"curies":[{"name":"wp","href":"https:\/\/api.w.org\/{rel}","templated":true}]}}