{"id":101,"date":"2013-02-19T22:24:58","date_gmt":"2013-02-19T21:24:58","guid":{"rendered":"http:\/\/nantoka.de\/?page_id=101"},"modified":"2023-02-27T19:31:07","modified_gmt":"2023-02-27T18:31:07","slug":"projekte","status":"publish","type":"page","link":"http:\/\/nantoka.de\/?page_id=101","title":{"rendered":"Projekte"},"content":{"rendered":"<table style=\"border-style: none;\">\n<tbody>\n<tr>\n<td style=\"width: 100px; border-style: none; vertical-align: top;\">\n<h1><a title=\"Internet Rhapsody (Manga)\" href=\"http:\/\/play.google.com\/store\/apps\/details?id=com.fuyosoft.rhapsody\" target=\"_blank\" rel=\"noopener\"><img decoding=\"async\" loading=\"lazy\" class=\"size-full wp-image-106 aligncenter\" alt=\"rhapsody_website_icon\" src=\"http:\/\/nantoka.de\/wp-content\/uploads\/2013\/02\/rhapsody_website_icon.png\" width=\"100\" height=\"100\"><\/a><\/h1>\n<\/td>\n<td style=\"border-style: none; vertical-align: top;\">\n<h1>Internet Rhapsody (Manga)<\/h1>\n<p>Eine Software zum Vertiefen von Japanisch-Kenntnissen: Ein Original japanischer Comic (Manga) mit Vokabular und weiterf\u00fchrenden Erkl\u00e4rungen in Form einer handlichen Android App.<\/td>\n<\/tr>\n<\/tbody>\n<\/table>\n<table style=\"border-style: none;\">\n<tbody>\n<tr>\n<td style=\"width: 100px; border-style: none; vertical-align: top;\">\n<h1><a title=\"Google Play: Video Timer\" href=\"http:\/\/play.google.com\/store\/apps\/details?id=de.nantoka.videotimer\"><img decoding=\"async\" loading=\"lazy\" class=\"alignnone size-full wp-image-124\" alt=\"videotimer_logo_100x100\" src=\"http:\/\/nantoka.de\/wp-content\/uploads\/2013\/02\/videotimer_logo_100x100.png\" width=\"100\" height=\"100\"><\/a><\/h1>\n<\/td>\n<td style=\"border-style: none;\">\n<h1>Video Timer<\/h1>\n<p>Eine App zur zeitverz\u00f6gerten Video-Aufname mit der Kamera eines Android Ger\u00e4tes. Das aufgenommene Video l\u00e4sst sich dabei sowohl in der zeitlichen L\u00e4nge als auch im verbrauchten Speicherplatz begrenzen.<\/td>\n<\/tr>\n<\/tbody>\n<\/table>\n<table style=\"border-style: none;\">\n<tbody>\n<tr>\n<td style=\"width: 100px; border-style: none; vertical-align: top;\">\n<h1><a title=\"Jitenize\" href=\"http:\/\/extensions.services.openoffice.org\/en\/project\/Jitenize\" target=\"_blank\" rel=\"noopener\"><img decoding=\"async\" loading=\"lazy\" class=\"alignnone size-full wp-image-128\" alt=\"Logo_100x100\" src=\"http:\/\/nantoka.de\/wp-content\/uploads\/2013\/02\/Logo_100x100.png\" width=\"100\" height=\"100\"><\/a><\/h1>\n<\/td>\n<td style=\"border-style: none;\">\n<h1>Jitenize<\/h1>\n<p>Eine in Java geschriebene Extension f\u00fcr OpenOffice \/ LibreOffice Writer. Die Extension durchl\u00e4uft einen japanischen Text, erkennt dabei Wortgrenzen und Grundformen einzelner W\u00f6rter und f\u00fcgt automatisch oder von Hand gesteuert die deutsche oder englische \u00dcbersetzung als Fu\u00dfnote in den Text ein.<\/td>\n<\/tr>\n<\/tbody>\n<\/table>\n","protected":false},"excerpt":{"rendered":"<p>Internet Rhapsody (Manga) Eine Software zum Vertiefen von Japanisch-Kenntnissen: Ein Original japanischer Comic (Manga) mit Vokabular und weiterf\u00fchrenden Erkl\u00e4rungen in Form einer handlichen Android App. Video Timer Eine App zur zeitverz\u00f6gerten Video-Aufname mit der Kamera eines Android Ger\u00e4tes. Das aufgenommene Video l\u00e4sst sich dabei sowohl in der zeitlichen L\u00e4nge als auch im verbrauchten Speicherplatz begrenzen. [&hellip;]<\/p>\n","protected":false},"author":1,"featured_media":0,"parent":0,"menu_order":2,"comment_status":"closed","ping_status":"closed","template":"","meta":[],"_links":{"self":[{"href":"http:\/\/nantoka.de\/index.php?rest_route=\/wp\/v2\/pages\/101"}],"collection":[{"href":"http:\/\/nantoka.de\/index.php?rest_route=\/wp\/v2\/pages"}],"about":[{"href":"http:\/\/nantoka.de\/index.php?rest_route=\/wp\/v2\/types\/page"}],"author":[{"embeddable":true,"href":"http:\/\/nantoka.de\/index.php?rest_route=\/wp\/v2\/users\/1"}],"replies":[{"embeddable":true,"href":"http:\/\/nantoka.de\/index.php?rest_route=%2Fwp%2Fv2%2Fcomments&post=101"}],"version-history":[{"count":36,"href":"http:\/\/nantoka.de\/index.php?rest_route=\/wp\/v2\/pages\/101\/revisions"}],"predecessor-version":[{"id":197,"href":"http:\/\/nantoka.de\/index.php?rest_route=\/wp\/v2\/pages\/101\/revisions\/197"}],"wp:attachment":[{"href":"http:\/\/nantoka.de\/index.php?rest_route=%2Fwp%2Fv2%2Fmedia&parent=101"}],"curies":[{"name":"wp","href":"https:\/\/api.w.org\/{rel}","templated":true}]}}